{"id":28,"date":"2018-08-20T14:34:35","date_gmt":"2018-08-20T14:34:35","guid":{"rendered":"http:\/\/onduty.online\/?page_id=28"},"modified":"2018-08-20T14:38:29","modified_gmt":"2018-08-20T14:38:29","slug":"ondutyonboard","status":"publish","type":"page","link":"https:\/\/onduty.online\/en\/ondutyonboard\/","title":{"rendered":"OnDutyOnBoard"},"content":{"rendered":"<p>Die Cloud-gest\u00fctzte Zustands\u00fcberwachung f\u00fcr Ihr Wohnmobil oder ihr Boot.<\/p>\n\n\n\n<p>Endlich haben Sie eine \u00fcbersichtliche Ansicht \u00fcber F\u00fcllstande ihrer Tanks und des Treibstoffvorrats sowie den F\u00fcllstand der Batterien.<\/p>\n\n\n\n<figure class=\"wp-block-image\"><img loading=\"lazy\" decoding=\"async\" width=\"1920\" height=\"1080\" src=\"http:\/\/onduty.online\/wp-content\/uploads\/2018\/08\/Screen-Shot-2018-08-19-at-13.20.51-1.png\" alt=\"\" class=\"wp-image-20\" srcset=\"https:\/\/onduty.online\/wp-content\/uploads\/2018\/08\/Screen-Shot-2018-08-19-at-13.20.51-1.png 1920w, https:\/\/onduty.online\/wp-content\/uploads\/2018\/08\/Screen-Shot-2018-08-19-at-13.20.51-1-300x169.png 300w, https:\/\/onduty.online\/wp-content\/uploads\/2018\/08\/Screen-Shot-2018-08-19-at-13.20.51-1-768x432.png 768w, https:\/\/onduty.online\/wp-content\/uploads\/2018\/08\/Screen-Shot-2018-08-19-at-13.20.51-1-1024x576.png 1024w\" sizes=\"auto, (max-width: 1920px) 100vw, 1920px\" \/><\/figure>\n\n\n\n<ul class=\"wp-block-gallery columns-2 is-cropped wp-block-gallery-1 is-layout-flex wp-block-gallery-is-layout-flex\"><li class=\"blocks-gallery-item\"><figure><a href=\"http:\/\/onduty.online\/wp-content\/uploads\/2018\/08\/ODiPhone.png\"><img loading=\"lazy\" decoding=\"async\" width=\"1334\" height=\"750\" src=\"http:\/\/onduty.online\/wp-content\/uploads\/2018\/08\/ODiPhone.png\" alt=\"\" data-id=\"23\" data-link=\"http:\/\/onduty.online\/?attachment_id=23\" class=\"wp-image-23\" srcset=\"https:\/\/onduty.online\/wp-content\/uploads\/2018\/08\/ODiPhone.png 1334w, https:\/\/onduty.online\/wp-content\/uploads\/2018\/08\/ODiPhone-300x169.png 300w, https:\/\/onduty.online\/wp-content\/uploads\/2018\/08\/ODiPhone-768x432.png 768w, https:\/\/onduty.online\/wp-content\/uploads\/2018\/08\/ODiPhone-1024x576.png 1024w\" sizes=\"auto, (max-width: 1334px) 100vw, 1334px\" \/><\/a><figcaption>iOS Ansicht f\u00fcr das iPhone und das iPad<\/figcaption><\/figure><\/li><li class=\"blocks-gallery-item\"><figure><a href=\"http:\/\/onduty.online\/wp-content\/uploads\/2018\/08\/Screen-Shot-2018-08-19-at-13.21.40.png\"><img loading=\"lazy\" decoding=\"async\" width=\"1920\" height=\"1080\" src=\"http:\/\/onduty.online\/wp-content\/uploads\/2018\/08\/Screen-Shot-2018-08-19-at-13.21.40.png\" alt=\"\" data-id=\"17\" data-link=\"http:\/\/onduty.online\/?attachment_id=17\" class=\"wp-image-17\" srcset=\"https:\/\/onduty.online\/wp-content\/uploads\/2018\/08\/Screen-Shot-2018-08-19-at-13.21.40.png 1920w, https:\/\/onduty.online\/wp-content\/uploads\/2018\/08\/Screen-Shot-2018-08-19-at-13.21.40-300x169.png 300w, https:\/\/onduty.online\/wp-content\/uploads\/2018\/08\/Screen-Shot-2018-08-19-at-13.21.40-768x432.png 768w, https:\/\/onduty.online\/wp-content\/uploads\/2018\/08\/Screen-Shot-2018-08-19-at-13.21.40-1024x576.png 1024w\" sizes=\"auto, (max-width: 1920px) 100vw, 1920px\" \/><\/a><figcaption>tvOS mit Erscheinungsbild &#8222;Dunkel&#8220;<\/figcaption><\/figure><\/li><li class=\"blocks-gallery-item\"><figure><a href=\"http:\/\/onduty.online\/wp-content\/uploads\/2018\/08\/Screen-Shot-2018-08-19-at-13.21.46.png\"><img loading=\"lazy\" decoding=\"async\" width=\"1920\" height=\"1080\" src=\"http:\/\/onduty.online\/wp-content\/uploads\/2018\/08\/Screen-Shot-2018-08-19-at-13.21.46.png\" alt=\"\" data-id=\"16\" data-link=\"http:\/\/onduty.online\/?attachment_id=16\" class=\"wp-image-16\" srcset=\"https:\/\/onduty.online\/wp-content\/uploads\/2018\/08\/Screen-Shot-2018-08-19-at-13.21.46.png 1920w, https:\/\/onduty.online\/wp-content\/uploads\/2018\/08\/Screen-Shot-2018-08-19-at-13.21.46-300x169.png 300w, https:\/\/onduty.online\/wp-content\/uploads\/2018\/08\/Screen-Shot-2018-08-19-at-13.21.46-768x432.png 768w, https:\/\/onduty.online\/wp-content\/uploads\/2018\/08\/Screen-Shot-2018-08-19-at-13.21.46-1024x576.png 1024w\" sizes=\"auto, (max-width: 1920px) 100vw, 1920px\" \/><\/a><figcaption>Umschalten der Modi der Stromversorgung<\/figcaption><\/figure><\/li><li class=\"blocks-gallery-item\"><figure><a href=\"http:\/\/onduty.online\/wp-content\/uploads\/2018\/08\/Screen-Shot-2018-08-19-at-13.21.53.png\"><img loading=\"lazy\" decoding=\"async\" width=\"1920\" height=\"1080\" src=\"http:\/\/onduty.online\/wp-content\/uploads\/2018\/08\/Screen-Shot-2018-08-19-at-13.21.53.png\" alt=\"\" data-id=\"15\" data-link=\"http:\/\/onduty.online\/?attachment_id=15\" class=\"wp-image-15\" srcset=\"https:\/\/onduty.online\/wp-content\/uploads\/2018\/08\/Screen-Shot-2018-08-19-at-13.21.53.png 1920w, https:\/\/onduty.online\/wp-content\/uploads\/2018\/08\/Screen-Shot-2018-08-19-at-13.21.53-300x169.png 300w, https:\/\/onduty.online\/wp-content\/uploads\/2018\/08\/Screen-Shot-2018-08-19-at-13.21.53-768x432.png 768w, https:\/\/onduty.online\/wp-content\/uploads\/2018\/08\/Screen-Shot-2018-08-19-at-13.21.53-1024x576.png 1024w\" sizes=\"auto, (max-width: 1920px) 100vw, 1920px\" \/><\/a><figcaption>Umschalten der Landstrom-Begrenzung<\/figcaption><\/figure><\/li><li class=\"blocks-gallery-item\"><figure><a href=\"http:\/\/onduty.online\/wp-content\/uploads\/2018\/08\/Screen-Shot-2018-08-19-at-13.19.44.png\"><img loading=\"lazy\" decoding=\"async\" width=\"1920\" height=\"1080\" src=\"http:\/\/onduty.online\/wp-content\/uploads\/2018\/08\/Screen-Shot-2018-08-19-at-13.19.44.png\" alt=\"\" data-id=\"21\" data-link=\"http:\/\/onduty.online\/?attachment_id=21\" class=\"wp-image-21\" srcset=\"https:\/\/onduty.online\/wp-content\/uploads\/2018\/08\/Screen-Shot-2018-08-19-at-13.19.44.png 1920w, https:\/\/onduty.online\/wp-content\/uploads\/2018\/08\/Screen-Shot-2018-08-19-at-13.19.44-300x169.png 300w, https:\/\/onduty.online\/wp-content\/uploads\/2018\/08\/Screen-Shot-2018-08-19-at-13.19.44-768x432.png 768w, https:\/\/onduty.online\/wp-content\/uploads\/2018\/08\/Screen-Shot-2018-08-19-at-13.19.44-1024x576.png 1024w\" sizes=\"auto, (max-width: 1920px) 100vw, 1920px\" \/><\/a><figcaption>tvOS mit Erscheinungsbild &#8222;Hell&#8220;<\/figcaption><\/figure><\/li><li class=\"blocks-gallery-item\"><figure><a href=\"http:\/\/onduty.online\/wp-content\/uploads\/2018\/08\/Screen-Shot-2018-08-19-at-13.19.26.png\"><img loading=\"lazy\" decoding=\"async\" width=\"1920\" height=\"1080\" src=\"http:\/\/onduty.online\/wp-content\/uploads\/2018\/08\/Screen-Shot-2018-08-19-at-13.19.26.png\" alt=\"\" data-id=\"22\" data-link=\"http:\/\/onduty.online\/?attachment_id=22\" class=\"wp-image-22\" srcset=\"https:\/\/onduty.online\/wp-content\/uploads\/2018\/08\/Screen-Shot-2018-08-19-at-13.19.26.png 1920w, https:\/\/onduty.online\/wp-content\/uploads\/2018\/08\/Screen-Shot-2018-08-19-at-13.19.26-300x169.png 300w, https:\/\/onduty.online\/wp-content\/uploads\/2018\/08\/Screen-Shot-2018-08-19-at-13.19.26-768x432.png 768w, https:\/\/onduty.online\/wp-content\/uploads\/2018\/08\/Screen-Shot-2018-08-19-at-13.19.26-1024x576.png 1024w\" sizes=\"auto, (max-width: 1920px) 100vw, 1920px\" \/><\/a><figcaption>Einstellung Synchronisiert zwischen tvOS und iOS<\/figcaption><\/figure><\/li><\/ul>","protected":false},"excerpt":{"rendered":"","protected":false},"author":1,"featured_media":0,"parent":0,"menu_order":0,"comment_status":"closed","ping_status":"closed","template":"","meta":{"_acf_changed":false,"footnotes":""},"class_list":["post-28","page","type-page","status-publish","hentry"],"acf":[],"_links":{"self":[{"href":"https:\/\/onduty.online\/en\/wp-json\/wp\/v2\/pages\/28","targetHints":{"allow":["GET"]}}],"collection":[{"href":"https:\/\/onduty.online\/en\/wp-json\/wp\/v2\/pages"}],"about":[{"href":"https:\/\/onduty.online\/en\/wp-json\/wp\/v2\/types\/page"}],"author":[{"embeddable":true,"href":"https:\/\/onduty.online\/en\/wp-json\/wp\/v2\/users\/1"}],"replies":[{"embeddable":true,"href":"https:\/\/onduty.online\/en\/wp-json\/wp\/v2\/comments?post=28"}],"version-history":[{"count":3,"href":"https:\/\/onduty.online\/en\/wp-json\/wp\/v2\/pages\/28\/revisions"}],"predecessor-version":[{"id":35,"href":"https:\/\/onduty.online\/en\/wp-json\/wp\/v2\/pages\/28\/revisions\/35"}],"wp:attachment":[{"href":"https:\/\/onduty.online\/en\/wp-json\/wp\/v2\/media?parent=28"}],"curies":[{"name":"wp","href":"https:\/\/api.w.org\/{rel}","templated":true}]}}