{"id":39,"date":"2019-09-18T14:14:00","date_gmt":"2019-09-18T14:14:00","guid":{"rendered":"http:\/\/onduty.online\/?page_id=39"},"modified":"2019-09-18T14:14:00","modified_gmt":"2019-09-18T14:14:00","slug":"datenschutzerklaerung-fuer-ondutycontrol","status":"publish","type":"page","link":"https:\/\/onduty.online\/en\/datenschutzerklaerung-fuer-ondutycontrol\/","title":{"rendered":"Datenschutzerkl\u00e4rung f\u00fcr OnDutyControl"},"content":{"rendered":"<p>Die Digitalisiere Jetzt 42 GmbH hat die OnDutyControl-App als kommerzielle App entwickelt. Dieser SERVICE wird von der Digitalisiere Jetzt 42 GmbH bereitgestellt und ist f\u00fcr den bestimmungsgem\u00e4\u00dfen Gebrauch bestimmt.<\/p>\n\n\n\n<p><br>Diese Seite wird verwendet, um Besucher \u00fcber unsere Richtlinien bei der Erfassung, Verwendung und Offenlegung personenbezogener Daten zu informieren, wenn sich jemand entschieden hat, unseren Service zu nutzen.<\/p>\n\n\n\n<p><br>Wenn Sie sich f\u00fcr die Nutzung unseres Dienstes entscheiden, stimmen Sie der Erfassung und Nutzung von Informationen im Zusammenhang mit dieser Richtlinie zu. Die von uns erfassten personenbezogenen Daten werden zur Bereitstellung und Verbesserung des Dienstes verwendet. Wir werden Ihre Daten nur wie in dieser Datenschutzerkl\u00e4rung beschrieben verwenden oder an Dritte weitergeben.<br>Die in dieser Datenschutzerkl\u00e4rung verwendeten Begriffe haben die gleiche Bedeutung wie in unseren Allgemeinen Gesch\u00e4ftsbedingungen, die unter OnDutyControl zug\u00e4nglich sind, sofern in dieser Datenschutzerkl\u00e4rung nichts anderes festgelegt ist.<\/p>\n\n\n\n<p><br>Sammlung und Verwendung von Informationen<br>F\u00fcr ein besseres Erlebnis bei der Nutzung unseres Service k\u00f6nnen wir von Ihnen verlangen, dass Sie uns bestimmte personenbezogene Daten zur Verf\u00fcgung stellen. Die von uns angeforderten Informationen werden von uns gespeichert und wie in dieser Datenschutzerkl\u00e4rung beschrieben verwendet.<br>Die App verwendet Dienste von Drittanbietern, die m\u00f6glicherweise Informationen sammeln, die zur Identifizierung Ihrer Person verwendet werden.<br>Link zur Datenschutzerkl\u00e4rung von Drittanbietern, die von der App verwendet werden.<\/p>\n\n\n\n<p><br>Protokolldaten<br>Wir m\u00f6chten Sie dar\u00fcber informieren, dass wir bei jeder Nutzung unseres Dienstes im Falle eines Fehlers in der App Daten und Informationen (\u00fcber Produkte von Drittanbietern) auf Ihrem Telefon namens Log Data sammeln. Diese Protokolldaten k\u00f6nnen Informationen wie Ihre Ger\u00e4te-Internetprotokoll-Adresse (&#8222;IP&#8220;), Ger\u00e4tename, Betriebssystemversion, die Konfiguration der App bei der Nutzung unseres Dienstes, Uhrzeit und Datum der Nutzung des Dienstes und andere Statistiken beinhalten.<\/p>\n\n\n\n<p><br>Cookies<br>Cookies sind Dateien mit einer kleinen Datenmenge, die h\u00e4ufig als anonyme eindeutige Identifikatoren verwendet werden. Diese werden von den Websites, die Sie besuchen, an Ihren Browser gesendet und im internen Speicher Ihres Ger\u00e4ts gespeichert.<br>Dieser Service verwendet diese &#8222;Cookies&#8220; nicht explizit. Die App kann jedoch Codes von Drittanbietern und Bibliotheken verwenden, die &#8222;Cookies&#8220; verwenden, um Informationen zu sammeln und ihre Dienste zu verbessern. Sie haben die M\u00f6glichkeit, diese Cookies entweder zu akzeptieren oder abzulehnen und wissen, wann ein Cookie an Ihr Ger\u00e4t gesendet wird. Wenn Sie sich daf\u00fcr entscheiden, unsere Cookies abzulehnen, k\u00f6nnen Sie m\u00f6glicherweise einige Teile dieses Dienstes nicht nutzen.<\/p>\n\n\n\n<p><br>Dienstleister<br>Aus den folgenden Gr\u00fcnden k\u00f6nnen wir Drittfirmen und Einzelpersonen beauftragen:<br>Um unseren Service zu erleichtern;Um den Service in unserem Namen zu erbringen;Um dienstleistungsbezogene Dienstleistungen zu erbringen; oderUm uns bei der Analyse der Nutzung unseres Dienstes zu unterst\u00fctzen.Wir m\u00f6chten die Nutzer dieses Dienstes dar\u00fcber informieren, dass diese Dritten Zugang zu Ihren personenbezogenen Daten haben. Der Grund daf\u00fcr ist, dass wir die ihnen \u00fcbertragenen Aufgaben in unserem Namen erf\u00fcllen. Sie sind jedoch verpflichtet, die Informationen nicht weiterzugeben oder f\u00fcr andere Zwecke zu verwenden.<\/p>\n\n\n\n<p><br>Sicherheit<br>Wir sch\u00e4tzen Ihr Vertrauen in die Bereitstellung Ihrer personenbezogenen Daten, daher sind wir bestrebt, wirtschaftlich akzeptable Mittel zu deren Schutz einzusetzen. Aber denken Sie daran, dass keine Methode der \u00dcbertragung \u00fcber das Internet oder die Methode der elektronischen Speicherung 100% sicher und zuverl\u00e4ssig ist, und wir k\u00f6nnen ihre absolute Sicherheit nicht garantieren.<\/p>\n\n\n\n<p><br>Links zu anderen Seiten<br>Dieser Service kann Links zu anderen Websites enthalten. Wenn Sie auf einen Link eines Drittanbieters klicken, werden Sie zu dieser Seite weitergeleitet. Beachten Sie, dass diese externen Seiten nicht von uns betrieben werden. Daher empfehlen wir Ihnen dringend, die Datenschutzerkl\u00e4rung dieser Websites zu lesen. Wir haben keine Kontrolle \u00fcber den Inhalt, die Datenschutzrichtlinien oder die Praktiken von Websites oder Diensten Dritter und \u00fcbernehmen keine Verantwortung daf\u00fcr.<\/p>\n\n\n\n<p><br>Datenschutz f\u00fcr Kinder<br>Diese Dienste richten sich nicht an Personen unter 4 Jahren. Wir sammeln nicht wissentlich personenbezogene Daten von Kindern unter 4 Jahren. Sollten wir feststellen, dass ein Kind unter 4 Jahren uns personenbezogene Daten zur Verf\u00fcgung gestellt hat, l\u00f6schen wir diese unverz\u00fcglich von unseren Servern. Wenn Sie ein Elternteil oder Vormund sind und wissen, dass Ihr Kind uns personenbezogene Daten zur Verf\u00fcgung gestellt hat, kontaktieren Sie uns bitte, damit wir die notwendigen Ma\u00dfnahmen ergreifen k\u00f6nnen.<\/p>\n\n\n\n<p><br>\u00c4nderungen an dieser Datenschutzerkl\u00e4rung<br>Wir k\u00f6nnen unsere Datenschutzerkl\u00e4rung von Zeit zu Zeit aktualisieren. Daher wird empfohlen, diese Seite regelm\u00e4\u00dfig auf \u00c4nderungen zu \u00fcberpr\u00fcfen. Wir werden Sie \u00fcber alle \u00c4nderungen informieren, indem wir die neue Datenschutzerkl\u00e4rung auf dieser Seite ver\u00f6ffentlichen. Diese \u00c4nderungen werden sofort nach ihrer Ver\u00f6ffentlichung auf dieser Seite wirksam.<\/p>\n\n\n\n<p><br>Kontaktieren Sie uns<br>Wenn Sie Fragen oder Anregungen zu unserer Datenschutzerkl\u00e4rung haben, z\u00f6gern Sie nicht, uns unter onduty.online zu kontaktieren.<\/p>","protected":false},"excerpt":{"rendered":"","protected":false},"author":1,"featured_media":0,"parent":0,"menu_order":0,"comment_status":"closed","ping_status":"closed","template":"","meta":{"_acf_changed":false,"footnotes":""},"class_list":["post-39","page","type-page","status-publish","hentry"],"acf":[],"_links":{"self":[{"href":"https:\/\/onduty.online\/en\/wp-json\/wp\/v2\/pages\/39","targetHints":{"allow":["GET"]}}],"collection":[{"href":"https:\/\/onduty.online\/en\/wp-json\/wp\/v2\/pages"}],"about":[{"href":"https:\/\/onduty.online\/en\/wp-json\/wp\/v2\/types\/page"}],"author":[{"embeddable":true,"href":"https:\/\/onduty.online\/en\/wp-json\/wp\/v2\/users\/1"}],"replies":[{"embeddable":true,"href":"https:\/\/onduty.online\/en\/wp-json\/wp\/v2\/comments?post=39"}],"version-history":[{"count":1,"href":"https:\/\/onduty.online\/en\/wp-json\/wp\/v2\/pages\/39\/revisions"}],"predecessor-version":[{"id":40,"href":"https:\/\/onduty.online\/en\/wp-json\/wp\/v2\/pages\/39\/revisions\/40"}],"wp:attachment":[{"href":"https:\/\/onduty.online\/en\/wp-json\/wp\/v2\/media?parent=39"}],"curies":[{"name":"wp","href":"https:\/\/api.w.org\/{rel}","templated":true}]}}